{"id":2964,"date":"2024-01-03T08:44:40","date_gmt":"2024-01-03T11:44:40","guid":{"rendered":"https:\/\/www.protel.com.br\/protel_wp\/?page_id=2964"},"modified":"2024-06-05T15:13:26","modified_gmt":"2024-06-05T18:13:26","slug":"declaracao-de-quitacao-de-cotas-condominiais","status":"publish","type":"page","link":"https:\/\/www.protel.com.br\/protel_wp\/declaracao-de-quitacao-de-cotas-condominiais\/","title":{"rendered":"<strong>DECLARA\u00c7\u00c3O DE QUITA\u00c7\u00c3O DE COTAS CONDOMINIAIS<\/strong>"},"content":{"rendered":"\t\t<div data-elementor-type=\"wp-page\" data-elementor-id=\"2964\" class=\"elementor elementor-2964\">\n\t\t\t\t\t\t\t\t\t<section class=\"elementor-section elementor-top-section elementor-element elementor-element-e9c9ed2 elementor-section-boxed elementor-section-height-default elementor-section-height-default\" data-id=\"e9c9ed2\" data-element_type=\"section\">\n\t\t\t\t\t\t<div class=\"elementor-container elementor-column-gap-default\">\n\t\t\t\t\t<div class=\"elementor-column elementor-col-100 elementor-top-column elementor-element elementor-element-696a0fc\" data-id=\"696a0fc\" data-element_type=\"column\">\n\t\t\t<div class=\"elementor-widget-wrap elementor-element-populated\">\n\t\t\t\t\t\t\t\t<div class=\"elementor-element elementor-element-9b91fdb elementor-widget elementor-widget-image\" data-id=\"9b91fdb\" data-element_type=\"widget\" data-widget_type=\"image.default\">\n\t\t\t\t<div class=\"elementor-widget-container\">\n\t\t\t<style>\/*! elementor - v3.7.8 - 02-10-2022 *\/\n.elementor-widget-image{text-align:center}.elementor-widget-image a{display:inline-block}.elementor-widget-image a img[src$=\".svg\"]{width:48px}.elementor-widget-image img{vertical-align:middle;display:inline-block}<\/style>\t\t\t\t\t\t\t\t\t\t\t\t<img decoding=\"async\" width=\"740\" height=\"327\" src=\"https:\/\/www.protel.com.br\/protel_wp\/wp-content\/uploads\/2024\/06\/declar.-quitacao.png\" class=\"attachment-large size-large\" alt=\"\" loading=\"lazy\" srcset=\"https:\/\/www.protel.com.br\/protel_wp\/wp-content\/uploads\/2024\/06\/declar.-quitacao.png 740w, https:\/\/www.protel.com.br\/protel_wp\/wp-content\/uploads\/2024\/06\/declar.-quitacao-300x133.png 300w\" sizes=\"(max-width: 740px) 100vw, 740px\" \/>\t\t\t\t\t\t\t\t\t\t\t\t\t\t\t<\/div>\n\t\t\t\t<\/div>\n\t\t\t\t<div class=\"elementor-element elementor-element-13c7d41 elementor-widget elementor-widget-text-editor\" data-id=\"13c7d41\" data-element_type=\"widget\" data-widget_type=\"text-editor.default\">\n\t\t\t\t<div class=\"elementor-widget-container\">\n\t\t\t<style>\/*! elementor - v3.7.8 - 02-10-2022 *\/\n.elementor-widget-text-editor.elementor-drop-cap-view-stacked .elementor-drop-cap{background-color:#818a91;color:#fff}.elementor-widget-text-editor.elementor-drop-cap-view-framed .elementor-drop-cap{color:#818a91;border:3px solid;background-color:transparent}.elementor-widget-text-editor:not(.elementor-drop-cap-view-default) .elementor-drop-cap{margin-top:8px}.elementor-widget-text-editor:not(.elementor-drop-cap-view-default) .elementor-drop-cap-letter{width:1em;height:1em}.elementor-widget-text-editor .elementor-drop-cap{float:left;text-align:center;line-height:1;font-size:50px}.elementor-widget-text-editor .elementor-drop-cap-letter{display:inline-block}<\/style>\t\t\t\t<p><span style=\"font-weight: bold;\">A declara\u00e7\u00e3o de quita\u00e7\u00e3o possui um custo de R$ 35,00 e pode ser recebida das seguintes formas:<\/span><\/p>\n<ul>\n<li>Retirada em nossa sede, localizadas na Barra da Tijuca (<a href=\"https:\/\/www.google.com\/maps\/place\/R.+Alceu+Amoroso+Lima,+65+-+Barra+da+Tijuca,+Rio+de+Janeiro+-+RJ,+22631-010\/@-23.0034593,-43.3268484,17z\/data=!3m1!4b1!4m6!3m5!1s0x9bd0a12ad33b17:0x360e0c8fff271e4a!8m2!3d-23.0034593!4d-43.3268484!16s%2Fg%2F11fx2w52f6?entry=ttu\">clique e veja nosso endere\u00e7o<\/a>);<\/li>\n<li>Enviada por email, informando o condom\u00ednio, bloco e unidade (alteracao@protel.com.br);<\/li>\n<li>Enviada pelo malote via condom\u00ednio (consulte a administra\u00e7\u00e3o interna do seu condom\u00ednio).<\/li><li><br><\/li>\n<\/ul>\n<p>Caso n\u00e3o seja o propriet\u00e1rio quem solicitar\u00e1 ou receber\u00e1 o documento, ser\u00e1 necess\u00e1ria a anu\u00eancia expressa do propriet\u00e1rio.<\/p><p><br><\/p>\n<p><\/p>\n<p><span style=\"font-weight: bold;\">Nosso hor\u00e1rio de funcionamento \u00e9:<\/span><\/p>\n<p>De segunda a quinta-feira, das 08h \u00e0s 18h e sextas das 08h \u00e0s 17h \u2013 fechamos para almo\u00e7o das 12h30 \u00e0s 13h30.<\/p>\n<p>Rua Alceu Amoroso Lima, 65 \u2013 Loja C&nbsp; \u2013 Barra da Tijuca \u2013 Rio de Janeiro \u2013 RJ &#8211; CEP 22631-010<\/p>\n<p>Tel.: (21) 3722-5000<\/p>\n<p>Site: www.protel.com.br<\/p>\n<p><span style=\"color: black;\">&nbsp;<\/span><\/p>\n<p><span style=\"font-weight: bold;\">OBS: Se desejar reconhecer firma do documento, dispomos dos Cart\u00f3rios:<\/span><\/p>\n<p>&#8211; Downtown \u2013 15\u00ba Of\u00edcio (Av. das Am\u00e9ricas, 500 &#8211; Bloco 11 &#8211; Loja 106).<\/p>\n<p>&#8211; Taquara \u2013 23\u00ba Of\u00edcio (Estrada dos Bandeirantes, 209 &#8211; Loja C).<\/p><p><br><\/p>\t\t\t\t\t\t<\/div>\n\t\t\t\t<\/div>\n\t\t\t\t\t<\/div>\n\t\t<\/div>\n\t\t\t\t\t\t\t<\/div>\n\t\t<\/section>\n\t\t\t\t\t\t\t<\/div>\n\t\t","protected":false},"excerpt":{"rendered":"<p>A declara\u00e7\u00e3o de quita\u00e7\u00e3o possui um custo de R$ 35,00 e pode ser recebida das seguintes formas: Retirada em nossa sede, localizadas na Barra da Tijuca (clique e veja nosso endere\u00e7o); Enviada por email, informando o condom\u00ednio, bloco e unidade (alteracao@protel.com.br); Enviada pelo malote via condom\u00ednio (consulte a administra\u00e7\u00e3o interna do seu condom\u00ednio). Caso n\u00e3o [&hellip;]<\/p>\n","protected":false},"author":1,"featured_media":0,"parent":0,"menu_order":0,"comment_status":"closed","ping_status":"closed","template":"","meta":[],"acf":[],"yoast_head":"<!-- This site is optimized with the Yoast SEO plugin v19.8 - https:\/\/yoast.com\/wordpress\/plugins\/seo\/ -->\n<title>DECLARA\u00c7\u00c3O DE QUITA\u00c7\u00c3O DE COTAS CONDOMINIAIS - Protel<\/title>\n<meta name=\"robots\" content=\"index, follow, max-snippet:-1, max-image-preview:large, max-video-preview:-1\" \/>\n<link rel=\"canonical\" href=\"https:\/\/www.protel.com.br\/protel_wp\/declaracao-de-quitacao-de-cotas-condominiais\/\" \/>\n<meta property=\"og:locale\" content=\"pt_BR\" \/>\n<meta property=\"og:type\" content=\"article\" \/>\n<meta property=\"og:title\" content=\"DECLARA\u00c7\u00c3O DE QUITA\u00c7\u00c3O DE COTAS CONDOMINIAIS - Protel\" \/>\n<meta property=\"og:description\" content=\"A declara\u00e7\u00e3o de quita\u00e7\u00e3o possui um custo de R$ 35,00 e pode ser recebida das seguintes formas: Retirada em nossa sede, localizadas na Barra da Tijuca (clique e veja nosso endere\u00e7o); Enviada por email, informando o condom\u00ednio, bloco e unidade (alteracao@protel.com.br); Enviada pelo malote via condom\u00ednio (consulte a administra\u00e7\u00e3o interna do seu condom\u00ednio). Caso n\u00e3o [&hellip;]\" \/>\n<meta property=\"og:url\" content=\"https:\/\/www.protel.com.br\/protel_wp\/declaracao-de-quitacao-de-cotas-condominiais\/\" \/>\n<meta property=\"og:site_name\" content=\"Protel\" \/>\n<meta property=\"article:modified_time\" content=\"2024-06-05T18:13:26+00:00\" \/>\n<meta property=\"og:image\" content=\"https:\/\/www.protel.com.br\/protel_wp\/wp-content\/uploads\/2024\/06\/declar.-quitacao.png\" \/>\n<meta name=\"twitter:card\" content=\"summary_large_image\" \/>\n<meta name=\"twitter:label1\" content=\"Est. tempo de leitura\" \/>\n\t<meta name=\"twitter:data1\" content=\"2 minutos\" \/>\n<script type=\"application\/ld+json\" class=\"yoast-schema-graph\">{\"@context\":\"https:\/\/schema.org\",\"@graph\":[{\"@type\":\"WebPage\",\"@id\":\"https:\/\/www.protel.com.br\/protel_wp\/declaracao-de-quitacao-de-cotas-condominiais\/\",\"url\":\"https:\/\/www.protel.com.br\/protel_wp\/declaracao-de-quitacao-de-cotas-condominiais\/\",\"name\":\"DECLARA\u00c7\u00c3O DE QUITA\u00c7\u00c3O DE COTAS CONDOMINIAIS - Protel\",\"isPartOf\":{\"@id\":\"https:\/\/www.protel.com.br\/protel_wp\/#website\"},\"datePublished\":\"2024-01-03T11:44:40+00:00\",\"dateModified\":\"2024-06-05T18:13:26+00:00\",\"breadcrumb\":{\"@id\":\"https:\/\/www.protel.com.br\/protel_wp\/declaracao-de-quitacao-de-cotas-condominiais\/#breadcrumb\"},\"inLanguage\":\"pt-BR\",\"potentialAction\":[{\"@type\":\"ReadAction\",\"target\":[\"https:\/\/www.protel.com.br\/protel_wp\/declaracao-de-quitacao-de-cotas-condominiais\/\"]}]},{\"@type\":\"BreadcrumbList\",\"@id\":\"https:\/\/www.protel.com.br\/protel_wp\/declaracao-de-quitacao-de-cotas-condominiais\/#breadcrumb\",\"itemListElement\":[{\"@type\":\"ListItem\",\"position\":1,\"name\":\"Protel administra\u00e7\u00e3o de condom\u00ednios\",\"item\":\"https:\/\/www.protel.com.br\/protel_wp\/\"},{\"@type\":\"ListItem\",\"position\":2,\"name\":\"DECLARA\u00c7\u00c3O DE QUITA\u00c7\u00c3O DE COTAS CONDOMINIAIS\"}]},{\"@type\":\"WebSite\",\"@id\":\"https:\/\/www.protel.com.br\/protel_wp\/#website\",\"url\":\"https:\/\/www.protel.com.br\/protel_wp\/\",\"name\":\"Protel\",\"description\":\"Administra\u00e7\u00e3o de Condom\u00ednios\",\"publisher\":{\"@id\":\"https:\/\/www.protel.com.br\/protel_wp\/#organization\"},\"potentialAction\":[{\"@type\":\"SearchAction\",\"target\":{\"@type\":\"EntryPoint\",\"urlTemplate\":\"https:\/\/www.protel.com.br\/protel_wp\/?s={search_term_string}\"},\"query-input\":\"required name=search_term_string\"}],\"inLanguage\":\"pt-BR\"},{\"@type\":\"Organization\",\"@id\":\"https:\/\/www.protel.com.br\/protel_wp\/#organization\",\"name\":\"Protel\",\"url\":\"https:\/\/www.protel.com.br\/protel_wp\/\",\"sameAs\":[],\"logo\":{\"@type\":\"ImageObject\",\"inLanguage\":\"pt-BR\",\"@id\":\"https:\/\/www.protel.com.br\/protel_wp\/#\/schema\/logo\/image\/\",\"url\":\"https:\/\/www.protel.com.br\/protel_wp\/wp-content\/uploads\/2022\/07\/protel-administracao-de-condominios.png\",\"contentUrl\":\"https:\/\/www.protel.com.br\/protel_wp\/wp-content\/uploads\/2022\/07\/protel-administracao-de-condominios.png\",\"width\":524,\"height\":200,\"caption\":\"Protel\"},\"image\":{\"@id\":\"https:\/\/www.protel.com.br\/protel_wp\/#\/schema\/logo\/image\/\"}}]}<\/script>\n<!-- \/ Yoast SEO plugin. -->","yoast_head_json":{"title":"DECLARA\u00c7\u00c3O DE QUITA\u00c7\u00c3O DE COTAS CONDOMINIAIS - Protel","robots":{"index":"index","follow":"follow","max-snippet":"max-snippet:-1","max-image-preview":"max-image-preview:large","max-video-preview":"max-video-preview:-1"},"canonical":"https:\/\/www.protel.com.br\/protel_wp\/declaracao-de-quitacao-de-cotas-condominiais\/","og_locale":"pt_BR","og_type":"article","og_title":"DECLARA\u00c7\u00c3O DE QUITA\u00c7\u00c3O DE COTAS CONDOMINIAIS - Protel","og_description":"A declara\u00e7\u00e3o de quita\u00e7\u00e3o possui um custo de R$ 35,00 e pode ser recebida das seguintes formas: Retirada em nossa sede, localizadas na Barra da Tijuca (clique e veja nosso endere\u00e7o); Enviada por email, informando o condom\u00ednio, bloco e unidade (alteracao@protel.com.br); Enviada pelo malote via condom\u00ednio (consulte a administra\u00e7\u00e3o interna do seu condom\u00ednio). Caso n\u00e3o [&hellip;]","og_url":"https:\/\/www.protel.com.br\/protel_wp\/declaracao-de-quitacao-de-cotas-condominiais\/","og_site_name":"Protel","article_modified_time":"2024-06-05T18:13:26+00:00","og_image":[{"url":"https:\/\/www.protel.com.br\/protel_wp\/wp-content\/uploads\/2024\/06\/declar.-quitacao.png"}],"twitter_card":"summary_large_image","twitter_misc":{"Est. tempo de leitura":"2 minutos"},"schema":{"@context":"https:\/\/schema.org","@graph":[{"@type":"WebPage","@id":"https:\/\/www.protel.com.br\/protel_wp\/declaracao-de-quitacao-de-cotas-condominiais\/","url":"https:\/\/www.protel.com.br\/protel_wp\/declaracao-de-quitacao-de-cotas-condominiais\/","name":"DECLARA\u00c7\u00c3O DE QUITA\u00c7\u00c3O DE COTAS CONDOMINIAIS - Protel","isPartOf":{"@id":"https:\/\/www.protel.com.br\/protel_wp\/#website"},"datePublished":"2024-01-03T11:44:40+00:00","dateModified":"2024-06-05T18:13:26+00:00","breadcrumb":{"@id":"https:\/\/www.protel.com.br\/protel_wp\/declaracao-de-quitacao-de-cotas-condominiais\/#breadcrumb"},"inLanguage":"pt-BR","potentialAction":[{"@type":"ReadAction","target":["https:\/\/www.protel.com.br\/protel_wp\/declaracao-de-quitacao-de-cotas-condominiais\/"]}]},{"@type":"BreadcrumbList","@id":"https:\/\/www.protel.com.br\/protel_wp\/declaracao-de-quitacao-de-cotas-condominiais\/#breadcrumb","itemListElement":[{"@type":"ListItem","position":1,"name":"Protel administra\u00e7\u00e3o de condom\u00ednios","item":"https:\/\/www.protel.com.br\/protel_wp\/"},{"@type":"ListItem","position":2,"name":"DECLARA\u00c7\u00c3O DE QUITA\u00c7\u00c3O DE COTAS CONDOMINIAIS"}]},{"@type":"WebSite","@id":"https:\/\/www.protel.com.br\/protel_wp\/#website","url":"https:\/\/www.protel.com.br\/protel_wp\/","name":"Protel","description":"Administra\u00e7\u00e3o de Condom\u00ednios","publisher":{"@id":"https:\/\/www.protel.com.br\/protel_wp\/#organization"},"potentialAction":[{"@type":"SearchAction","target":{"@type":"EntryPoint","urlTemplate":"https:\/\/www.protel.com.br\/protel_wp\/?s={search_term_string}"},"query-input":"required name=search_term_string"}],"inLanguage":"pt-BR"},{"@type":"Organization","@id":"https:\/\/www.protel.com.br\/protel_wp\/#organization","name":"Protel","url":"https:\/\/www.protel.com.br\/protel_wp\/","sameAs":[],"logo":{"@type":"ImageObject","inLanguage":"pt-BR","@id":"https:\/\/www.protel.com.br\/protel_wp\/#\/schema\/logo\/image\/","url":"https:\/\/www.protel.com.br\/protel_wp\/wp-content\/uploads\/2022\/07\/protel-administracao-de-condominios.png","contentUrl":"https:\/\/www.protel.com.br\/protel_wp\/wp-content\/uploads\/2022\/07\/protel-administracao-de-condominios.png","width":524,"height":200,"caption":"Protel"},"image":{"@id":"https:\/\/www.protel.com.br\/protel_wp\/#\/schema\/logo\/image\/"}}]}},"_links":{"self":[{"href":"https:\/\/www.protel.com.br\/protel_wp\/wp-json\/wp\/v2\/pages\/2964"}],"collection":[{"href":"https:\/\/www.protel.com.br\/protel_wp\/wp-json\/wp\/v2\/pages"}],"about":[{"href":"https:\/\/www.protel.com.br\/protel_wp\/wp-json\/wp\/v2\/types\/page"}],"author":[{"embeddable":true,"href":"https:\/\/www.protel.com.br\/protel_wp\/wp-json\/wp\/v2\/users\/1"}],"replies":[{"embeddable":true,"href":"https:\/\/www.protel.com.br\/protel_wp\/wp-json\/wp\/v2\/comments?post=2964"}],"version-history":[{"count":50,"href":"https:\/\/www.protel.com.br\/protel_wp\/wp-json\/wp\/v2\/pages\/2964\/revisions"}],"predecessor-version":[{"id":3798,"href":"https:\/\/www.protel.com.br\/protel_wp\/wp-json\/wp\/v2\/pages\/2964\/revisions\/3798"}],"wp:attachment":[{"href":"https:\/\/www.protel.com.br\/protel_wp\/wp-json\/wp\/v2\/media?parent=2964"}],"curies":[{"name":"wp","href":"https:\/\/api.w.org\/{rel}","templated":true}]}}