{"id":2995,"date":"2024-01-03T09:20:28","date_gmt":"2024-01-03T12:20:28","guid":{"rendered":"https:\/\/www.protel.com.br\/protel_wp\/?page_id=2995"},"modified":"2024-06-05T15:14:20","modified_gmt":"2024-06-05T18:14:20","slug":"alteracao_de_titularidade","status":"publish","type":"page","link":"https:\/\/www.protel.com.br\/protel_wp\/alteracao_de_titularidade\/","title":{"rendered":"ALTERA\u00c7\u00c3O DE TITULARIDADE"},"content":{"rendered":"\t\t<div data-elementor-type=\"wp-page\" data-elementor-id=\"2995\" class=\"elementor elementor-2995\">\n\t\t\t\t\t\t\t\t\t<section class=\"elementor-section elementor-top-section elementor-element elementor-element-e23c2e2 elementor-section-boxed elementor-section-height-default elementor-section-height-default\" data-id=\"e23c2e2\" data-element_type=\"section\">\n\t\t\t\t\t\t<div class=\"elementor-container elementor-column-gap-default\">\n\t\t\t\t\t<div class=\"elementor-column elementor-col-100 elementor-top-column elementor-element elementor-element-8dc606c\" data-id=\"8dc606c\" data-element_type=\"column\">\n\t\t\t<div class=\"elementor-widget-wrap elementor-element-populated\">\n\t\t\t\t\t\t\t\t<div class=\"elementor-element elementor-element-2b9097c elementor-widget elementor-widget-text-editor\" data-id=\"2b9097c\" data-element_type=\"widget\" data-widget_type=\"text-editor.default\">\n\t\t\t\t<div class=\"elementor-widget-container\">\n\t\t\t<style>\/*! elementor - v3.7.8 - 02-10-2022 *\/\n.elementor-widget-text-editor.elementor-drop-cap-view-stacked .elementor-drop-cap{background-color:#818a91;color:#fff}.elementor-widget-text-editor.elementor-drop-cap-view-framed .elementor-drop-cap{color:#818a91;border:3px solid;background-color:transparent}.elementor-widget-text-editor:not(.elementor-drop-cap-view-default) .elementor-drop-cap{margin-top:8px}.elementor-widget-text-editor:not(.elementor-drop-cap-view-default) .elementor-drop-cap-letter{width:1em;height:1em}.elementor-widget-text-editor .elementor-drop-cap{float:left;text-align:center;line-height:1;font-size:50px}.elementor-widget-text-editor .elementor-drop-cap-letter{display:inline-block}<\/style>\t\t\t\t\t\t\t\t\t\t<\/div>\n\t\t\t\t<\/div>\n\t\t\t\t<div class=\"elementor-element elementor-element-efd82a5 elementor-widget elementor-widget-image\" data-id=\"efd82a5\" data-element_type=\"widget\" data-widget_type=\"image.default\">\n\t\t\t\t<div class=\"elementor-widget-container\">\n\t\t\t<style>\/*! elementor - v3.7.8 - 02-10-2022 *\/\n.elementor-widget-image{text-align:center}.elementor-widget-image a{display:inline-block}.elementor-widget-image a img[src$=\".svg\"]{width:48px}.elementor-widget-image img{vertical-align:middle;display:inline-block}<\/style>\t\t\t\t\t\t\t\t\t\t\t\t<img decoding=\"async\" width=\"768\" height=\"237\" src=\"https:\/\/www.protel.com.br\/protel_wp\/wp-content\/uploads\/2024\/06\/alteracao-768x237.png\" class=\"attachment-medium_large size-medium_large\" alt=\"\" loading=\"lazy\" srcset=\"https:\/\/www.protel.com.br\/protel_wp\/wp-content\/uploads\/2024\/06\/alteracao-768x237.png 768w, https:\/\/www.protel.com.br\/protel_wp\/wp-content\/uploads\/2024\/06\/alteracao-300x92.png 300w, https:\/\/www.protel.com.br\/protel_wp\/wp-content\/uploads\/2024\/06\/alteracao.png 1000w\" sizes=\"(max-width: 768px) 100vw, 768px\" \/>\t\t\t\t\t\t\t\t\t\t\t\t\t\t\t<\/div>\n\t\t\t\t<\/div>\n\t\t\t\t<div class=\"elementor-element elementor-element-db885fc elementor-widget elementor-widget-text-editor\" data-id=\"db885fc\" data-element_type=\"widget\" data-widget_type=\"text-editor.default\">\n\t\t\t\t<div class=\"elementor-widget-container\">\n\t\t\t\t\t\t\t<p style=\"text-align: left;\"><b>Para alterar a titularidade do im\u00f3vel, \u00e9 necess\u00e1rio nos remeter um dos documentos abaixo listados:<\/b><\/p>\n<p style=\"text-align: left;\"><b>&nbsp;<\/b><\/p>\n<ul style=\"text-align: left;\">\n<li>RGI DO IM\u00d3VEL;<\/li>\n<li>ESCRITURA P\u00daBLICA DE COMPRA E VENDA LAVRADA EM CART\u00d3RIO;<\/li>\n<li>ESCRITURA P\u00daBLICA DE PERMUTA LAVRADA EM CART\u00d3RIO;<\/li>\n<li>ESCRITURA P\u00daBLICA DE CESS\u00c3O DE DIREITOS AQUISITIVOS LAVRADA EM CART\u00d3RIO;<\/li>\n<li>ESCRITURA P\u00daBLICA DE DA\u00c7\u00c3O EM PAGAMENTO LAVRADA EM CART\u00d3RIO;<\/li>\n<li>ESCRITURA DE PROMESSA DE COMPRA E VENDA COM IMISS\u00c3O NA POSSE LAVRADA EM CART\u00d3RIO;<\/li>\n<li>CARTA DE SENTEN\u00c7A POR SEPARA\u00c7\u00c3O JUDICIAL ONDE SE OPERE A ADJUDICA\u00c7\u00c3O DO IM\u00d3VEL;<\/li>\n<li>CERTID\u00c3O DO REGISTRO DE IMOVEIS DE \u00d4NUS REAIS;<\/li>\n<li>CONTRATO DE ALIENA\u00c7\u00c3O FIDUCI\u00c1RIA PERANTE INSTITUI\u00c7\u00c3O FINANCEIRA;<\/li>\n<li>PROMESSA DE COMPRA E VENDA FIRMADO COM A INCORPORADORA COM TERMO DE ENTREGA DE CHAVES;<\/li>\n<li>FORMAL DE PARTILHA DE INVENT\u00c1RIO JUDICIAL;<\/li>\n<li>ESCRITURA P\u00daBLICA DE INVENT\u00c1RIO EXTRAJUDICIAL.<\/li>\n<li>&nbsp;<\/li>\n<\/ul>\n<p style=\"text-align: left;\"><b>Os documentos para altera\u00e7\u00e3o de titularidade devem ser enviados ao e-mail: alteracao@protel.com.br, identificando o nome do seu condom\u00ednio, unidade e bloco, bem como informar o telefone e e-mail para contato.<\/b><\/p>\t\t\t\t\t\t<\/div>\n\t\t\t\t<\/div>\n\t\t\t\t\t<\/div>\n\t\t<\/div>\n\t\t\t\t\t\t\t<\/div>\n\t\t<\/section>\n\t\t\t\t\t\t\t<\/div>\n\t\t","protected":false},"excerpt":{"rendered":"<p>Para alterar a titularidade do im\u00f3vel, \u00e9 necess\u00e1rio nos remeter um dos documentos abaixo listados: &nbsp; RGI DO IM\u00d3VEL; ESCRITURA P\u00daBLICA DE COMPRA E VENDA LAVRADA EM CART\u00d3RIO; ESCRITURA P\u00daBLICA DE PERMUTA LAVRADA EM CART\u00d3RIO; ESCRITURA P\u00daBLICA DE CESS\u00c3O DE DIREITOS AQUISITIVOS LAVRADA EM CART\u00d3RIO; ESCRITURA P\u00daBLICA DE DA\u00c7\u00c3O EM PAGAMENTO LAVRADA EM CART\u00d3RIO; ESCRITURA [&hellip;]<\/p>\n","protected":false},"author":1,"featured_media":0,"parent":0,"menu_order":0,"comment_status":"closed","ping_status":"closed","template":"","meta":[],"acf":[],"yoast_head":"<!-- This site is optimized with the Yoast SEO plugin v19.8 - https:\/\/yoast.com\/wordpress\/plugins\/seo\/ -->\n<title>ALTERA\u00c7\u00c3O DE TITULARIDADE - Protel<\/title>\n<meta name=\"robots\" content=\"index, follow, max-snippet:-1, max-image-preview:large, max-video-preview:-1\" \/>\n<link rel=\"canonical\" href=\"https:\/\/www.protel.com.br\/protel_wp\/alteracao_de_titularidade\/\" \/>\n<meta property=\"og:locale\" content=\"pt_BR\" \/>\n<meta property=\"og:type\" content=\"article\" \/>\n<meta property=\"og:title\" content=\"ALTERA\u00c7\u00c3O DE TITULARIDADE - Protel\" \/>\n<meta property=\"og:description\" content=\"Para alterar a titularidade do im\u00f3vel, \u00e9 necess\u00e1rio nos remeter um dos documentos abaixo listados: &nbsp; RGI DO IM\u00d3VEL; ESCRITURA P\u00daBLICA DE COMPRA E VENDA LAVRADA EM CART\u00d3RIO; ESCRITURA P\u00daBLICA DE PERMUTA LAVRADA EM CART\u00d3RIO; ESCRITURA P\u00daBLICA DE CESS\u00c3O DE DIREITOS AQUISITIVOS LAVRADA EM CART\u00d3RIO; ESCRITURA P\u00daBLICA DE DA\u00c7\u00c3O EM PAGAMENTO LAVRADA EM CART\u00d3RIO; ESCRITURA [&hellip;]\" \/>\n<meta property=\"og:url\" content=\"https:\/\/www.protel.com.br\/protel_wp\/alteracao_de_titularidade\/\" \/>\n<meta property=\"og:site_name\" content=\"Protel\" \/>\n<meta property=\"article:modified_time\" content=\"2024-06-05T18:14:20+00:00\" \/>\n<meta property=\"og:image\" content=\"https:\/\/www.protel.com.br\/protel_wp\/wp-content\/uploads\/2024\/06\/alteracao-768x237.png\" \/>\n<meta name=\"twitter:card\" content=\"summary_large_image\" \/>\n<meta name=\"twitter:label1\" content=\"Est. tempo de leitura\" \/>\n\t<meta name=\"twitter:data1\" content=\"2 minutos\" \/>\n<script type=\"application\/ld+json\" class=\"yoast-schema-graph\">{\"@context\":\"https:\/\/schema.org\",\"@graph\":[{\"@type\":\"WebPage\",\"@id\":\"https:\/\/www.protel.com.br\/protel_wp\/alteracao_de_titularidade\/\",\"url\":\"https:\/\/www.protel.com.br\/protel_wp\/alteracao_de_titularidade\/\",\"name\":\"ALTERA\u00c7\u00c3O DE TITULARIDADE - Protel\",\"isPartOf\":{\"@id\":\"https:\/\/www.protel.com.br\/protel_wp\/#website\"},\"datePublished\":\"2024-01-03T12:20:28+00:00\",\"dateModified\":\"2024-06-05T18:14:20+00:00\",\"breadcrumb\":{\"@id\":\"https:\/\/www.protel.com.br\/protel_wp\/alteracao_de_titularidade\/#breadcrumb\"},\"inLanguage\":\"pt-BR\",\"potentialAction\":[{\"@type\":\"ReadAction\",\"target\":[\"https:\/\/www.protel.com.br\/protel_wp\/alteracao_de_titularidade\/\"]}]},{\"@type\":\"BreadcrumbList\",\"@id\":\"https:\/\/www.protel.com.br\/protel_wp\/alteracao_de_titularidade\/#breadcrumb\",\"itemListElement\":[{\"@type\":\"ListItem\",\"position\":1,\"name\":\"Protel administra\u00e7\u00e3o de condom\u00ednios\",\"item\":\"https:\/\/www.protel.com.br\/protel_wp\/\"},{\"@type\":\"ListItem\",\"position\":2,\"name\":\"ALTERA\u00c7\u00c3O DE TITULARIDADE\"}]},{\"@type\":\"WebSite\",\"@id\":\"https:\/\/www.protel.com.br\/protel_wp\/#website\",\"url\":\"https:\/\/www.protel.com.br\/protel_wp\/\",\"name\":\"Protel\",\"description\":\"Administra\u00e7\u00e3o de Condom\u00ednios\",\"publisher\":{\"@id\":\"https:\/\/www.protel.com.br\/protel_wp\/#organization\"},\"potentialAction\":[{\"@type\":\"SearchAction\",\"target\":{\"@type\":\"EntryPoint\",\"urlTemplate\":\"https:\/\/www.protel.com.br\/protel_wp\/?s={search_term_string}\"},\"query-input\":\"required name=search_term_string\"}],\"inLanguage\":\"pt-BR\"},{\"@type\":\"Organization\",\"@id\":\"https:\/\/www.protel.com.br\/protel_wp\/#organization\",\"name\":\"Protel\",\"url\":\"https:\/\/www.protel.com.br\/protel_wp\/\",\"sameAs\":[],\"logo\":{\"@type\":\"ImageObject\",\"inLanguage\":\"pt-BR\",\"@id\":\"https:\/\/www.protel.com.br\/protel_wp\/#\/schema\/logo\/image\/\",\"url\":\"https:\/\/www.protel.com.br\/protel_wp\/wp-content\/uploads\/2022\/07\/protel-administracao-de-condominios.png\",\"contentUrl\":\"https:\/\/www.protel.com.br\/protel_wp\/wp-content\/uploads\/2022\/07\/protel-administracao-de-condominios.png\",\"width\":524,\"height\":200,\"caption\":\"Protel\"},\"image\":{\"@id\":\"https:\/\/www.protel.com.br\/protel_wp\/#\/schema\/logo\/image\/\"}}]}<\/script>\n<!-- \/ Yoast SEO plugin. -->","yoast_head_json":{"title":"ALTERA\u00c7\u00c3O DE TITULARIDADE - Protel","robots":{"index":"index","follow":"follow","max-snippet":"max-snippet:-1","max-image-preview":"max-image-preview:large","max-video-preview":"max-video-preview:-1"},"canonical":"https:\/\/www.protel.com.br\/protel_wp\/alteracao_de_titularidade\/","og_locale":"pt_BR","og_type":"article","og_title":"ALTERA\u00c7\u00c3O DE TITULARIDADE - Protel","og_description":"Para alterar a titularidade do im\u00f3vel, \u00e9 necess\u00e1rio nos remeter um dos documentos abaixo listados: &nbsp; RGI DO IM\u00d3VEL; ESCRITURA P\u00daBLICA DE COMPRA E VENDA LAVRADA EM CART\u00d3RIO; ESCRITURA P\u00daBLICA DE PERMUTA LAVRADA EM CART\u00d3RIO; ESCRITURA P\u00daBLICA DE CESS\u00c3O DE DIREITOS AQUISITIVOS LAVRADA EM CART\u00d3RIO; ESCRITURA P\u00daBLICA DE DA\u00c7\u00c3O EM PAGAMENTO LAVRADA EM CART\u00d3RIO; ESCRITURA [&hellip;]","og_url":"https:\/\/www.protel.com.br\/protel_wp\/alteracao_de_titularidade\/","og_site_name":"Protel","article_modified_time":"2024-06-05T18:14:20+00:00","og_image":[{"url":"https:\/\/www.protel.com.br\/protel_wp\/wp-content\/uploads\/2024\/06\/alteracao-768x237.png"}],"twitter_card":"summary_large_image","twitter_misc":{"Est. tempo de leitura":"2 minutos"},"schema":{"@context":"https:\/\/schema.org","@graph":[{"@type":"WebPage","@id":"https:\/\/www.protel.com.br\/protel_wp\/alteracao_de_titularidade\/","url":"https:\/\/www.protel.com.br\/protel_wp\/alteracao_de_titularidade\/","name":"ALTERA\u00c7\u00c3O DE TITULARIDADE - Protel","isPartOf":{"@id":"https:\/\/www.protel.com.br\/protel_wp\/#website"},"datePublished":"2024-01-03T12:20:28+00:00","dateModified":"2024-06-05T18:14:20+00:00","breadcrumb":{"@id":"https:\/\/www.protel.com.br\/protel_wp\/alteracao_de_titularidade\/#breadcrumb"},"inLanguage":"pt-BR","potentialAction":[{"@type":"ReadAction","target":["https:\/\/www.protel.com.br\/protel_wp\/alteracao_de_titularidade\/"]}]},{"@type":"BreadcrumbList","@id":"https:\/\/www.protel.com.br\/protel_wp\/alteracao_de_titularidade\/#breadcrumb","itemListElement":[{"@type":"ListItem","position":1,"name":"Protel administra\u00e7\u00e3o de condom\u00ednios","item":"https:\/\/www.protel.com.br\/protel_wp\/"},{"@type":"ListItem","position":2,"name":"ALTERA\u00c7\u00c3O DE TITULARIDADE"}]},{"@type":"WebSite","@id":"https:\/\/www.protel.com.br\/protel_wp\/#website","url":"https:\/\/www.protel.com.br\/protel_wp\/","name":"Protel","description":"Administra\u00e7\u00e3o de Condom\u00ednios","publisher":{"@id":"https:\/\/www.protel.com.br\/protel_wp\/#organization"},"potentialAction":[{"@type":"SearchAction","target":{"@type":"EntryPoint","urlTemplate":"https:\/\/www.protel.com.br\/protel_wp\/?s={search_term_string}"},"query-input":"required name=search_term_string"}],"inLanguage":"pt-BR"},{"@type":"Organization","@id":"https:\/\/www.protel.com.br\/protel_wp\/#organization","name":"Protel","url":"https:\/\/www.protel.com.br\/protel_wp\/","sameAs":[],"logo":{"@type":"ImageObject","inLanguage":"pt-BR","@id":"https:\/\/www.protel.com.br\/protel_wp\/#\/schema\/logo\/image\/","url":"https:\/\/www.protel.com.br\/protel_wp\/wp-content\/uploads\/2022\/07\/protel-administracao-de-condominios.png","contentUrl":"https:\/\/www.protel.com.br\/protel_wp\/wp-content\/uploads\/2022\/07\/protel-administracao-de-condominios.png","width":524,"height":200,"caption":"Protel"},"image":{"@id":"https:\/\/www.protel.com.br\/protel_wp\/#\/schema\/logo\/image\/"}}]}},"_links":{"self":[{"href":"https:\/\/www.protel.com.br\/protel_wp\/wp-json\/wp\/v2\/pages\/2995"}],"collection":[{"href":"https:\/\/www.protel.com.br\/protel_wp\/wp-json\/wp\/v2\/pages"}],"about":[{"href":"https:\/\/www.protel.com.br\/protel_wp\/wp-json\/wp\/v2\/types\/page"}],"author":[{"embeddable":true,"href":"https:\/\/www.protel.com.br\/protel_wp\/wp-json\/wp\/v2\/users\/1"}],"replies":[{"embeddable":true,"href":"https:\/\/www.protel.com.br\/protel_wp\/wp-json\/wp\/v2\/comments?post=2995"}],"version-history":[{"count":18,"href":"https:\/\/www.protel.com.br\/protel_wp\/wp-json\/wp\/v2\/pages\/2995\/revisions"}],"predecessor-version":[{"id":3801,"href":"https:\/\/www.protel.com.br\/protel_wp\/wp-json\/wp\/v2\/pages\/2995\/revisions\/3801"}],"wp:attachment":[{"href":"https:\/\/www.protel.com.br\/protel_wp\/wp-json\/wp\/v2\/media?parent=2995"}],"curies":[{"name":"wp","href":"https:\/\/api.w.org\/{rel}","templated":true}]}}