{"id":74,"date":"2022-07-11T11:06:41","date_gmt":"2022-07-11T14:06:41","guid":{"rendered":"http:\/\/aw5protel.local\/?page_id=74"},"modified":"2022-10-06T13:49:45","modified_gmt":"2022-10-06T16:49:45","slug":"solicite-uma-proposta","status":"publish","type":"page","link":"https:\/\/www.protel.com.br\/protel_wp\/solicite-uma-proposta\/","title":{"rendered":"Solicite uma proposta"},"content":{"rendered":"\t\t<div data-elementor-type=\"wp-page\" data-elementor-id=\"74\" class=\"elementor elementor-74\">\n\t\t\t\t\t\t\t\t\t<section class=\"elementor-section elementor-top-section elementor-element elementor-element-be81a5b elementor-section-boxed elementor-section-height-default elementor-section-height-default\" data-id=\"be81a5b\" data-element_type=\"section\">\n\t\t\t\t\t\t<div class=\"elementor-container elementor-column-gap-default\">\n\t\t\t\t\t<div class=\"elementor-column elementor-col-100 elementor-top-column elementor-element elementor-element-ae63ea2\" data-id=\"ae63ea2\" data-element_type=\"column\">\n\t\t\t<div class=\"elementor-widget-wrap elementor-element-populated\">\n\t\t\t\t\t\t\t\t<div class=\"elementor-element elementor-element-106b040 elementor-widget elementor-widget-heading\" data-id=\"106b040\" data-element_type=\"widget\" data-widget_type=\"heading.default\">\n\t\t\t\t<div class=\"elementor-widget-container\">\n\t\t\t<style>\/*! elementor - v3.7.8 - 02-10-2022 *\/\n.elementor-heading-title{padding:0;margin:0;line-height:1}.elementor-widget-heading .elementor-heading-title[class*=elementor-size-]>a{color:inherit;font-size:inherit;line-height:inherit}.elementor-widget-heading .elementor-heading-title.elementor-size-small{font-size:15px}.elementor-widget-heading .elementor-heading-title.elementor-size-medium{font-size:19px}.elementor-widget-heading .elementor-heading-title.elementor-size-large{font-size:29px}.elementor-widget-heading .elementor-heading-title.elementor-size-xl{font-size:39px}.elementor-widget-heading .elementor-heading-title.elementor-size-xxl{font-size:59px}<\/style><h1 class=\"elementor-heading-title elementor-size-default\">Solicite uma Proposta<\/h1>\t\t<\/div>\n\t\t\t\t<\/div>\n\t\t\t\t<div class=\"elementor-element elementor-element-2f3b9d2 elementor-widget elementor-widget-text-editor\" data-id=\"2f3b9d2\" data-element_type=\"widget\" data-widget_type=\"text-editor.default\">\n\t\t\t\t<div class=\"elementor-widget-container\">\n\t\t\t<style>\/*! elementor - v3.7.8 - 02-10-2022 *\/\n.elementor-widget-text-editor.elementor-drop-cap-view-stacked .elementor-drop-cap{background-color:#818a91;color:#fff}.elementor-widget-text-editor.elementor-drop-cap-view-framed .elementor-drop-cap{color:#818a91;border:3px solid;background-color:transparent}.elementor-widget-text-editor:not(.elementor-drop-cap-view-default) .elementor-drop-cap{margin-top:8px}.elementor-widget-text-editor:not(.elementor-drop-cap-view-default) .elementor-drop-cap-letter{width:1em;height:1em}.elementor-widget-text-editor .elementor-drop-cap{float:left;text-align:center;line-height:1;font-size:50px}.elementor-widget-text-editor .elementor-drop-cap-letter{display:inline-block}<\/style>\t\t\t\t<p>Preencha os campos abaixo:<\/p>\t\t\t\t\t\t<\/div>\n\t\t\t\t<\/div>\n\t\t\t\t<div class=\"elementor-element elementor-element-565b3ad contact-form elementor-widget elementor-widget-shortcode\" data-id=\"565b3ad\" data-element_type=\"widget\" data-widget_type=\"shortcode.default\">\n\t\t\t\t<div class=\"elementor-widget-container\">\n\t\t\t\t\t<div class=\"elementor-shortcode\"><div role=\"form\" class=\"wpcf7\" id=\"wpcf7-f79-o1\" lang=\"pt-BR\" dir=\"ltr\">\n<div class=\"screen-reader-response\"><p role=\"status\" aria-live=\"polite\" aria-atomic=\"true\"><\/p> <ul><\/ul><\/div>\n<form action=\"\/protel_wp\/wp-json\/wp\/v2\/pages\/74#wpcf7-f79-o1\" method=\"post\" class=\"wpcf7-form init\" novalidate=\"novalidate\" data-status=\"init\">\n<div style=\"display: none;\">\n<input type=\"hidden\" name=\"_wpcf7\" value=\"79\" \/>\n<input type=\"hidden\" name=\"_wpcf7_version\" value=\"5.6.4\" \/>\n<input type=\"hidden\" name=\"_wpcf7_locale\" value=\"pt_BR\" \/>\n<input type=\"hidden\" name=\"_wpcf7_unit_tag\" value=\"wpcf7-f79-o1\" \/>\n<input type=\"hidden\" name=\"_wpcf7_container_post\" value=\"0\" \/>\n<input type=\"hidden\" name=\"_wpcf7_posted_data_hash\" value=\"\" \/>\n<input type=\"hidden\" name=\"_wpcf7cf_hidden_group_fields\" value=\"[]\" \/>\n<input type=\"hidden\" name=\"_wpcf7cf_hidden_groups\" value=\"[]\" \/>\n<input type=\"hidden\" name=\"_wpcf7cf_visible_groups\" value=\"[]\" \/>\n<input type=\"hidden\" name=\"_wpcf7cf_repeaters\" value=\"[]\" \/>\n<input type=\"hidden\" name=\"_wpcf7cf_steps\" value=\"{}\" \/>\n<input type=\"hidden\" name=\"_wpcf7cf_options\" value=\"{&quot;form_id&quot;:79,&quot;conditions&quot;:[],&quot;settings&quot;:{&quot;animation&quot;:&quot;yes&quot;,&quot;animation_intime&quot;:200,&quot;animation_outtime&quot;:200,&quot;conditions_ui&quot;:&quot;normal&quot;,&quot;notice_dismissed&quot;:false}}\" \/>\n<input type=\"hidden\" name=\"_wpcf7_recaptcha_response\" value=\"\" \/>\n<\/div>\n<div class=\"contact-grid\">\n<div class=\"contact-grid-item-half\">\n\t\t<label><span class=\"wpcf7-form-control-wrap\" data-name=\"nomecondominio\"><input type=\"text\" name=\"nomecondominio\" value=\"\" size=\"40\" class=\"wpcf7-form-control wpcf7-text wpcf7-validates-as-required\" aria-required=\"true\" aria-invalid=\"false\" placeholder=\"Nome do Condom\u00ednio*:\" \/><\/span><\/label>\n\t<\/div>\n<div class=\"contact-grid-item-half\">\n\t\t<label><span class=\"wpcf7-form-control-wrap\" data-name=\"endereco\"><input type=\"text\" name=\"endereco\" value=\"\" size=\"40\" class=\"wpcf7-form-control wpcf7-text wpcf7-validates-as-required\" aria-required=\"true\" aria-invalid=\"false\" placeholder=\"Endere\u00e7o*:\" \/><\/span><\/label>\n\t<\/div>\n<div class=\"contact-grid-item-half\">\n\t\t<label><span class=\"wpcf7-form-control-wrap\" data-name=\"cnpj\"><input type=\"text\" name=\"cnpj\" value=\"\" size=\"40\" class=\"wpcf7-form-control wpcf7-text\" aria-invalid=\"false\" placeholder=\"CNPJ:\" \/><\/span><\/label>\n\t<\/div>\n<div class=\"contact-grid-item-half\">\n\t\t<label><span class=\"wpcf7-form-control-wrap\" data-name=\"numfuncionarios\"><input type=\"text\" name=\"numfuncionarios\" value=\"\" size=\"40\" class=\"wpcf7-form-control wpcf7-text wpcf7-validates-as-required\" aria-required=\"true\" aria-invalid=\"false\" placeholder=\"Quantidade de Funcion\u00e1rios*:\" \/><\/span><\/label>\n\t<\/div>\n<div class=\"contact-grid-item-half\">\n\t\t<label><span class=\"wpcf7-form-control-wrap\" data-name=\"numapto\"><input type=\"text\" name=\"numapto\" value=\"\" size=\"40\" class=\"wpcf7-form-control wpcf7-text wpcf7-validates-as-required\" aria-required=\"true\" aria-invalid=\"false\" placeholder=\"Quantidade de apto\/unidades*:\" \/><\/span><\/label>\n\t<\/div>\n<div class=\"contact-grid-item-half\">\n\t\t<label><span class=\"wpcf7-form-control-wrap\" data-name=\"nomesindico\"><input type=\"text\" name=\"nomesindico\" value=\"\" size=\"40\" class=\"wpcf7-form-control wpcf7-text wpcf7-validates-as-required\" aria-required=\"true\" aria-invalid=\"false\" placeholder=\"Nome do Solicitante*:\" \/><\/span><\/label>\n\t<\/div>\n<div class=\"contact-grid-item-half\">\n\t\t<label><span class=\"wpcf7-form-control-wrap\" data-name=\"email\"><input type=\"email\" name=\"email\" value=\"\" size=\"40\" class=\"wpcf7-form-control wpcf7-text wpcf7-email wpcf7-validates-as-required wpcf7-validates-as-email\" aria-required=\"true\" aria-invalid=\"false\" placeholder=\"E-mail para contato*:\" \/><\/span><\/label>\n\t<\/div>\n<div class=\"contact-grid-item-half\">\n\t\t<label><span class=\"wpcf7-form-control-wrap\" data-name=\"telefone\"><input type=\"text\" name=\"telefone\" value=\"\" size=\"40\" class=\"wpcf7-form-control wpcf7-text wpcf7-validates-as-required\" aria-required=\"true\" aria-invalid=\"false\" placeholder=\"Telefone para contato*:\" \/><\/span><\/label>\n\t<\/div>\n<div class=\"contact-grid-item-full\">\n\t\t<label><span class=\"wpcf7-form-control-wrap\" data-name=\"mensagem\"><textarea name=\"mensagem\" cols=\"40\" rows=\"10\" class=\"wpcf7-form-control wpcf7-textarea wpcf7-validates-as-required\" aria-required=\"true\" aria-invalid=\"false\" placeholder=\"Mensagem:\"><\/textarea><\/span><\/label>\n\t<\/div>\n<div class=\"contact-grid-item-full\">\n\t\t<input type=\"submit\" value=\"Enviar\" class=\"wpcf7-form-control has-spinner wpcf7-submit btn-send\" \/>\n\t<\/div>\n<\/div>\n<div class=\"wpcf7-response-output\" aria-hidden=\"true\"><\/div><\/form><\/div><\/div>\n\t\t\t\t<\/div>\n\t\t\t\t<\/div>\n\t\t\t\t\t<\/div>\n\t\t<\/div>\n\t\t\t\t\t\t\t<\/div>\n\t\t<\/section>\n\t\t\t\t\t\t\t<\/div>\n\t\t","protected":false},"excerpt":{"rendered":"<p>Solicite uma Proposta Preencha os campos abaixo:<\/p>\n","protected":false},"author":1,"featured_media":0,"parent":0,"menu_order":0,"comment_status":"closed","ping_status":"closed","template":"","meta":[],"acf":[],"yoast_head":"<!-- This site is optimized with the Yoast SEO plugin v19.8 - https:\/\/yoast.com\/wordpress\/plugins\/seo\/ -->\n<title>Solicite uma proposta - Protel<\/title>\n<meta name=\"robots\" content=\"index, follow, max-snippet:-1, max-image-preview:large, max-video-preview:-1\" \/>\n<link rel=\"canonical\" href=\"https:\/\/www.protel.com.br\/protel_wp\/solicite-uma-proposta\/\" \/>\n<meta property=\"og:locale\" content=\"pt_BR\" \/>\n<meta property=\"og:type\" content=\"article\" \/>\n<meta property=\"og:title\" content=\"Solicite uma proposta - Protel\" \/>\n<meta property=\"og:description\" content=\"Solicite uma Proposta Preencha os campos abaixo:\" \/>\n<meta property=\"og:url\" content=\"https:\/\/www.protel.com.br\/protel_wp\/solicite-uma-proposta\/\" \/>\n<meta property=\"og:site_name\" content=\"Protel\" \/>\n<meta property=\"article:modified_time\" content=\"2022-10-06T16:49:45+00:00\" \/>\n<meta name=\"twitter:card\" content=\"summary_large_image\" \/>\n<meta name=\"twitter:label1\" content=\"Est. tempo de leitura\" \/>\n\t<meta name=\"twitter:data1\" content=\"1 minuto\" \/>\n<script type=\"application\/ld+json\" class=\"yoast-schema-graph\">{\"@context\":\"https:\/\/schema.org\",\"@graph\":[{\"@type\":\"WebPage\",\"@id\":\"https:\/\/www.protel.com.br\/protel_wp\/solicite-uma-proposta\/\",\"url\":\"https:\/\/www.protel.com.br\/protel_wp\/solicite-uma-proposta\/\",\"name\":\"Solicite uma proposta - Protel\",\"isPartOf\":{\"@id\":\"https:\/\/www.protel.com.br\/protel_wp\/#website\"},\"datePublished\":\"2022-07-11T14:06:41+00:00\",\"dateModified\":\"2022-10-06T16:49:45+00:00\",\"breadcrumb\":{\"@id\":\"https:\/\/www.protel.com.br\/protel_wp\/solicite-uma-proposta\/#breadcrumb\"},\"inLanguage\":\"pt-BR\",\"potentialAction\":[{\"@type\":\"ReadAction\",\"target\":[\"https:\/\/www.protel.com.br\/protel_wp\/solicite-uma-proposta\/\"]}]},{\"@type\":\"BreadcrumbList\",\"@id\":\"https:\/\/www.protel.com.br\/protel_wp\/solicite-uma-proposta\/#breadcrumb\",\"itemListElement\":[{\"@type\":\"ListItem\",\"position\":1,\"name\":\"Protel administra\u00e7\u00e3o de condom\u00ednios\",\"item\":\"https:\/\/www.protel.com.br\/protel_wp\/\"},{\"@type\":\"ListItem\",\"position\":2,\"name\":\"Solicite uma proposta\"}]},{\"@type\":\"WebSite\",\"@id\":\"https:\/\/www.protel.com.br\/protel_wp\/#website\",\"url\":\"https:\/\/www.protel.com.br\/protel_wp\/\",\"name\":\"Protel\",\"description\":\"Administra\u00e7\u00e3o de Condom\u00ednios\",\"publisher\":{\"@id\":\"https:\/\/www.protel.com.br\/protel_wp\/#organization\"},\"potentialAction\":[{\"@type\":\"SearchAction\",\"target\":{\"@type\":\"EntryPoint\",\"urlTemplate\":\"https:\/\/www.protel.com.br\/protel_wp\/?s={search_term_string}\"},\"query-input\":\"required name=search_term_string\"}],\"inLanguage\":\"pt-BR\"},{\"@type\":\"Organization\",\"@id\":\"https:\/\/www.protel.com.br\/protel_wp\/#organization\",\"name\":\"Protel\",\"url\":\"https:\/\/www.protel.com.br\/protel_wp\/\",\"sameAs\":[],\"logo\":{\"@type\":\"ImageObject\",\"inLanguage\":\"pt-BR\",\"@id\":\"https:\/\/www.protel.com.br\/protel_wp\/#\/schema\/logo\/image\/\",\"url\":\"https:\/\/www.protel.com.br\/protel_wp\/wp-content\/uploads\/2022\/07\/protel-administracao-de-condominios.png\",\"contentUrl\":\"https:\/\/www.protel.com.br\/protel_wp\/wp-content\/uploads\/2022\/07\/protel-administracao-de-condominios.png\",\"width\":524,\"height\":200,\"caption\":\"Protel\"},\"image\":{\"@id\":\"https:\/\/www.protel.com.br\/protel_wp\/#\/schema\/logo\/image\/\"}}]}<\/script>\n<!-- \/ Yoast SEO plugin. -->","yoast_head_json":{"title":"Solicite uma proposta - Protel","robots":{"index":"index","follow":"follow","max-snippet":"max-snippet:-1","max-image-preview":"max-image-preview:large","max-video-preview":"max-video-preview:-1"},"canonical":"https:\/\/www.protel.com.br\/protel_wp\/solicite-uma-proposta\/","og_locale":"pt_BR","og_type":"article","og_title":"Solicite uma proposta - Protel","og_description":"Solicite uma Proposta Preencha os campos abaixo:","og_url":"https:\/\/www.protel.com.br\/protel_wp\/solicite-uma-proposta\/","og_site_name":"Protel","article_modified_time":"2022-10-06T16:49:45+00:00","twitter_card":"summary_large_image","twitter_misc":{"Est. tempo de leitura":"1 minuto"},"schema":{"@context":"https:\/\/schema.org","@graph":[{"@type":"WebPage","@id":"https:\/\/www.protel.com.br\/protel_wp\/solicite-uma-proposta\/","url":"https:\/\/www.protel.com.br\/protel_wp\/solicite-uma-proposta\/","name":"Solicite uma proposta - Protel","isPartOf":{"@id":"https:\/\/www.protel.com.br\/protel_wp\/#website"},"datePublished":"2022-07-11T14:06:41+00:00","dateModified":"2022-10-06T16:49:45+00:00","breadcrumb":{"@id":"https:\/\/www.protel.com.br\/protel_wp\/solicite-uma-proposta\/#breadcrumb"},"inLanguage":"pt-BR","potentialAction":[{"@type":"ReadAction","target":["https:\/\/www.protel.com.br\/protel_wp\/solicite-uma-proposta\/"]}]},{"@type":"BreadcrumbList","@id":"https:\/\/www.protel.com.br\/protel_wp\/solicite-uma-proposta\/#breadcrumb","itemListElement":[{"@type":"ListItem","position":1,"name":"Protel administra\u00e7\u00e3o de condom\u00ednios","item":"https:\/\/www.protel.com.br\/protel_wp\/"},{"@type":"ListItem","position":2,"name":"Solicite uma proposta"}]},{"@type":"WebSite","@id":"https:\/\/www.protel.com.br\/protel_wp\/#website","url":"https:\/\/www.protel.com.br\/protel_wp\/","name":"Protel","description":"Administra\u00e7\u00e3o de Condom\u00ednios","publisher":{"@id":"https:\/\/www.protel.com.br\/protel_wp\/#organization"},"potentialAction":[{"@type":"SearchAction","target":{"@type":"EntryPoint","urlTemplate":"https:\/\/www.protel.com.br\/protel_wp\/?s={search_term_string}"},"query-input":"required name=search_term_string"}],"inLanguage":"pt-BR"},{"@type":"Organization","@id":"https:\/\/www.protel.com.br\/protel_wp\/#organization","name":"Protel","url":"https:\/\/www.protel.com.br\/protel_wp\/","sameAs":[],"logo":{"@type":"ImageObject","inLanguage":"pt-BR","@id":"https:\/\/www.protel.com.br\/protel_wp\/#\/schema\/logo\/image\/","url":"https:\/\/www.protel.com.br\/protel_wp\/wp-content\/uploads\/2022\/07\/protel-administracao-de-condominios.png","contentUrl":"https:\/\/www.protel.com.br\/protel_wp\/wp-content\/uploads\/2022\/07\/protel-administracao-de-condominios.png","width":524,"height":200,"caption":"Protel"},"image":{"@id":"https:\/\/www.protel.com.br\/protel_wp\/#\/schema\/logo\/image\/"}}]}},"_links":{"self":[{"href":"https:\/\/www.protel.com.br\/protel_wp\/wp-json\/wp\/v2\/pages\/74"}],"collection":[{"href":"https:\/\/www.protel.com.br\/protel_wp\/wp-json\/wp\/v2\/pages"}],"about":[{"href":"https:\/\/www.protel.com.br\/protel_wp\/wp-json\/wp\/v2\/types\/page"}],"author":[{"embeddable":true,"href":"https:\/\/www.protel.com.br\/protel_wp\/wp-json\/wp\/v2\/users\/1"}],"replies":[{"embeddable":true,"href":"https:\/\/www.protel.com.br\/protel_wp\/wp-json\/wp\/v2\/comments?post=74"}],"version-history":[{"count":23,"href":"https:\/\/www.protel.com.br\/protel_wp\/wp-json\/wp\/v2\/pages\/74\/revisions"}],"predecessor-version":[{"id":1158,"href":"https:\/\/www.protel.com.br\/protel_wp\/wp-json\/wp\/v2\/pages\/74\/revisions\/1158"}],"wp:attachment":[{"href":"https:\/\/www.protel.com.br\/protel_wp\/wp-json\/wp\/v2\/media?parent=74"}],"curies":[{"name":"wp","href":"https:\/\/api.w.org\/{rel}","templated":true}]}}